{"id":509,"date":"2017-05-12T07:17:25","date_gmt":"2017-05-12T07:17:25","guid":{"rendered":"http:\/\/sonnenblick.it\/?page_id=509"},"modified":"2023-05-25T15:20:36","modified_gmt":"2023-05-25T15:20:36","slug":"home","status":"publish","type":"page","link":"https:\/\/www.sonnenblick.it\/it\/","title":{"rendered":"Home"},"content":{"rendered":"<div class=\"wpb-content-wrapper\">[vc_row fullwidth=&#8221;true&#8221; visibility=&#8221;hidden-sm&#8221;][vc_column][mk_edge_slider first_el=&#8221;true&#8221; swiper_bg=&#8221;#000000&#8243; order=&#8221;ASC&#8221; full_height=&#8221;false&#8221; height=&#8221;600&#8243; animation_effect=&#8221;zoom&#8221; direction_nav=&#8221;none&#8221; pagination=&#8221;none&#8221; slides=&#8221;532, 534&#8243;][\/vc_column][\/vc_row][vc_row fullwidth=&#8221;true&#8221; visibility=&#8221;visible-sm&#8221;][vc_column][mk_edge_slider first_el=&#8221;true&#8221; swiper_bg=&#8221;#000000&#8243; order=&#8221;ASC&#8221; full_height=&#8221;false&#8221; height=&#8221;400&#8243; animation_effect=&#8221;zoom&#8221; direction_nav=&#8221;none&#8221; pagination=&#8221;none&#8221; slides=&#8221;532, 534&#8243;][\/vc_column][\/vc_row][vc_row fullwidth=&#8221;true&#8221; equal_columns=&#8221;true&#8221; attached=&#8221;true&#8221; column_padding=&#8221;5&#8243;][vc_column width=&#8221;1\/6&#8243;][\/vc_column][vc_column width=&#8221;2\/3&#8243;][vc_column_text css=&#8221;.vc_custom_1685028002510{margin-bottom: 0px !important;}&#8221;]Da noi incontrerete la tradizionale ospitalit\u00e0, in un\u2019atmosfera familiare accompagnata da una piacevole cordialit\u00e0; non sono solo promesse, ma piccole attenzioni che renderanno unica la vostra permanenza in Val Sarentino.<\/p>\n<p>Una bella giornata di vacanza inizia al meglio con una ricca colazione per svegliare anche coloro che non amano alzarsi presto. Da noi vi aspetta una varia colazione a buffet con marmellate fatte in casa, panini croccanti freschi dal forno e dolci fatti da noi. Volentieri vi portiamo al tavolo uova, formaggio, affettati, latticini e latte di alta qualit\u00e0 altoatesina, t\u00e8 alle erbe locali, caff\u00e8 e cioccolata calda direttamente dalla manifattura di cioccolato Oberh\u00f6ller. Perch\u00e9 in vacanza ci piace anche essere coccolati e non dovere fare tutto da soli, vero?<\/p>\n<p>Dal luned\u00ec al gioved\u00ec potete cenare da noi dopo una giornata di vacanza piena di avventura e godervi il sapore della cucina tradizionale altoatesina. Vi aspettano piatti preparati in casa e raffinati, a seconda della stagione, con spezie saporite direttamente dal nostro giardino. Gli ingredienti che utilizziamo sono locali, freschi e della stagione. La frutta e le verdure vengono, se possibile, dal nostro giardino e altrimenti da un mercato locale.<\/p>\n<p>Dal venerd\u00ec alla domenica non offriamo una mezza pensione. Grazie alla nostra ottima posizione potete per\u00f2 facilmente raggiungere il centro di Sarentino a piedi e l\u00ec si trova qualcosa per ogni gusto. Cos\u00ec, la variet\u00e0 culinaria \u00e8 garantita.[\/vc_column_text][\/vc_column][vc_column width=&#8221;1\/6&#8243;][\/vc_column][\/vc_row][vc_row][vc_column css=&#8221;.vc_custom_1494577836512{padding-right: 10% !important;padding-left: 10% !important;}&#8221;][mk_gallery images=&#8221;40,173,39,36,37,35&#8243; image_size=&#8221;full&#8221; overlay_color=&#8221;#998561&#8243; orderby=&#8221;post__in&#8221;][\/vc_column][\/vc_row][vc_row fullwidth=&#8221;true&#8221; equal_columns=&#8221;true&#8221; attached=&#8221;true&#8221; column_padding=&#8221;5&#8243;][vc_column width=&#8221;1\/6&#8243;][\/vc_column][vc_column width=&#8221;2\/3&#8243;][vc_column_text css=&#8221;.vc_custom_1685028033359{margin-bottom: 0px !important;}&#8221;]Chi decide di passare una vacanza in Val Sarentino, vuole sicuramente passare del tempo nelle nostre bellissime montagne. Per molte escursioni, la macchina pu\u00f2 tranquillamente rimanere nel nostro parcheggio. Potete partire direttamente dall\u2019albergo e andare a scoprire le Alpi Sarentine. Il bus vi porta invece a punti di partenza pi\u00f9 lontani. Salite in cima, scoprite la foresta e fate un giro panoramico per godervi la vista spettacolare sulle montagne circostanti.<\/p>\n<p>Per potervi rilassare dopo una lunga escursione nelle Alpi Sarentine, nella nostra pensione c\u2019\u00e8 una zona benessere con sauna finlandese e sauna alle erbe. Dopo una giornata piena di movimento all\u2019aria aperta, una sauna con il profumo piacevole di olio al pino mugo o al pino cembro \u00e8 proprio quello che vi serve!<\/p>\n<p>Ma non aspettate di tornare in albergo per iniziare il vostro trattamento benessere! Noi siamo convinti che la natura \u00e8 la zona benessere migliore! Camminare nell\u2019acqua fredda dei ruscelli di montagna, inalare il profumo del bosco o dei pascoli e il movimento rilassante durante un\u2019escursione nel bellissimo paesaggio montano sono i mezzi migliori per lasciare alle spalle la vita quotidiana e rilassarsi completamente. Camminate a piedi nudi, godetevi la natura! Volentieri vi diamo alcuni consigli a riguardo.<\/p>\n<p>E dopo una bella giornata nella natura altoatesina non c\u2019\u00e8 di meglio che tornare a casa in una delle nostre stanze. Le nostre camere sono moderne, ma anche accoglienti e confortevoli. La grandezza e la vista non sono sempre uguali \u2013 preferite vista valle o vista giardino? \u2013\u00a0 ma tutte hanno una cosa in comune: il pavimento in legno di quercia, il quale rende ogni camera accogliente. L\u2019atmosfera tradizionale, insieme al profumo di legno di cembro che favorisce il sogno crea calore e comfort.<\/p>\n<p><strong>Vacanze in Val Sarentino\u2026da visitare in ogni stagione!<br \/>\n<\/strong><strong>La Famiglia Nussbaumer \u2013 Innerebner sar\u00e0 lieta di avervi suoi ospiti!<\/strong>[\/vc_column_text][\/vc_column][vc_column width=&#8221;1\/6&#8243;][\/vc_column][\/vc_row][vc_row fullwidth=&#8221;true&#8221; equal_columns=&#8221;true&#8221; attached=&#8221;true&#8221; visibility=&#8221;hidden-sm&#8221; css=&#8221;.vc_custom_1498202235584{background-image: url(https:\/\/sonnenblick.it\/wp-content\/uploads\/2017\/05\/sonnenblick_bozen_card_lite.jpg?id=163) !important;background-position: center !important;background-repeat: no-repeat !important;background-size: cover !important;}&#8221;][vc_column width=&#8221;1\/6&#8243;][\/vc_column][vc_column width=&#8221;1\/3&#8243;][mk_fancy_title color=&#8221;#998561&#8243; size=&#8221;50&#8243; margin_top=&#8221;80&#8243; font_family=&#8221;Great+Vibes&#8221; font_type=&#8221;google&#8221;]Bozen Card[\/mk_fancy_title][vc_column_text css=&#8221;.vc_custom_1652082392254{margin-bottom: 0px !important;}&#8221;]Conoscere la Val Sarentino, Bolzano e tante bellezze dell\u2019Alto Adige in modo facile ed economico \u2026. Con la Bolzano Bozen Card \u00e8 possibile![\/vc_column_text][mk_button dimension=&#8221;flat&#8221; size=&#8221;medium&#8221; url=&#8221;https:\/\/www.sonnenblick.it\/?page_id=332&#8243; margin_top=&#8221;20&#8243; margin_bottom=&#8221;80&#8243; margin_right=&#8221;0&#8243; btn_hover_bg=&#8221;#3a3936&#8243;]Scopri di pi\u00fa[\/mk_button][\/vc_column][vc_column width=&#8221;1\/3&#8243;][mk_padding_divider size=&#8221;120&#8243;][mk_image src=&#8221;https:\/\/sonnenblick.it\/wp-content\/uploads\/2017\/05\/bozencard-plus_2017_new.png&#8221; image_size=&#8221;medium&#8221; align=&#8221;right&#8221; margin_bottom=&#8221;0&#8243;][\/vc_column][vc_column width=&#8221;1\/6&#8243;][\/vc_column][\/vc_row][vc_row fullwidth=&#8221;true&#8221; equal_columns=&#8221;true&#8221; attached=&#8221;true&#8221; column_padding=&#8221;5&#8243; visibility=&#8221;visible-sm&#8221; css=&#8221;.vc_custom_1498202772157{background-image: url(https:\/\/sonnenblick.it\/wp-content\/uploads\/2017\/05\/sonnenblick_bozen_card_lite.jpg?id=163) !important;background-position: center !important;background-repeat: no-repeat !important;background-size: cover !important;}&#8221;][vc_column width=&#8221;1\/6&#8243;][\/vc_column][vc_column width=&#8221;2\/3&#8243;][mk_fancy_title color=&#8221;#998561&#8243; size=&#8221;50&#8243; margin_top=&#8221;40&#8243; font_family=&#8221;Great+Vibes&#8221; font_type=&#8221;google&#8221;]Bozen Card Plus[\/mk_fancy_title][vc_column_text align=&#8221;center&#8221;]Conoscere la Val Sarentino, Bolzano e tante bellezze dell\u2019Alto Adige in modo facile ed economico \u2026. Con la Bolzano Bozen Card Plus \u00e8 possibile![\/vc_column_text][mk_button dimension=&#8221;flat&#8221; size=&#8221;medium&#8221; url=&#8221;https:\/\/www.sonnenblick.it\/?page_id=332&#8243; align=&#8221;center&#8221; margin_top=&#8221;20&#8243; margin_bottom=&#8221;80&#8243; margin_right=&#8221;0&#8243; btn_hover_bg=&#8221;#3a3936&#8243;]Scopri di pi\u00fa[\/mk_button][mk_image src=&#8221;https:\/\/sonnenblick.it\/wp-content\/uploads\/2017\/05\/bozencard-plus_2017_new.png&#8221; image_size=&#8221;medium&#8221; align=&#8221;center&#8221;][\/vc_column][vc_column width=&#8221;1\/6&#8243;][\/vc_column][\/vc_row]\n<\/div>","protected":false},"excerpt":{"rendered":"<p>[vc_row fullwidth=&#8221;true&#8221; visibility=&#8221;hidden-sm&#8221;][vc_column][mk_edge_slider first_el=&#8221;true&#8221; swiper_bg=&#8221;#000000&#8243; order=&#8221;ASC&#8221; full_height=&#8221;false&#8221; height=&#8221;600&#8243; animation_effect=&#8221;zoom&#8221; direction_nav=&#8221;none&#8221; pagination=&#8221;none&#8221; slides=&#8221;532, 534&#8243;][\/vc_column][\/vc_row][vc_row fullwidth=&#8221;true&#8221; visibility=&#8221;visible-sm&#8221;][vc_column][mk_edge_slider first_el=&#8221;true&#8221; swiper_bg=&#8221;#000000&#8243; order=&#8221;ASC&#8221; full_height=&#8221;false&#8221; height=&#8221;400&#8243; animation_effect=&#8221;zoom&#8221; direction_nav=&#8221;none&#8221; pagination=&#8221;none&#8221; slides=&#8221;532, 534&#8243;][\/vc_column][\/vc_row][vc_row fullwidth=&#8221;true&#8221; equal_columns=&#8221;true&#8221; attached=&#8221;true&#8221; column_padding=&#8221;5&#8243;][vc_column width=&#8221;1\/6&#8243;][\/vc_column][vc_column width=&#8221;2\/3&#8243;][vc_column_text css=&#8221;.vc_custom_1685028002510{margin-bottom: 0px !important;}&#8221;]Da noi incontrerete la tradizionale ospitalit\u00e0, in un\u2019atmosfera familiare accompagnata da una piacevole cordialit\u00e0; non sono solo promesse, ma piccole attenzioni che [&hellip;]<\/p>\n","protected":false},"author":1,"featured_media":0,"parent":0,"menu_order":0,"comment_status":"closed","ping_status":"closed","template":"","meta":{"footnotes":""},"class_list":["post-509","page","type-page","status-publish","hentry"],"_links":{"self":[{"href":"https:\/\/www.sonnenblick.it\/it\/wp-json\/wp\/v2\/pages\/509","targetHints":{"allow":["GET"]}}],"collection":[{"href":"https:\/\/www.sonnenblick.it\/it\/wp-json\/wp\/v2\/pages"}],"about":[{"href":"https:\/\/www.sonnenblick.it\/it\/wp-json\/wp\/v2\/types\/page"}],"author":[{"embeddable":true,"href":"https:\/\/www.sonnenblick.it\/it\/wp-json\/wp\/v2\/users\/1"}],"replies":[{"embeddable":true,"href":"https:\/\/www.sonnenblick.it\/it\/wp-json\/wp\/v2\/comments?post=509"}],"version-history":[{"count":11,"href":"https:\/\/www.sonnenblick.it\/it\/wp-json\/wp\/v2\/pages\/509\/revisions"}],"predecessor-version":[{"id":1192,"href":"https:\/\/www.sonnenblick.it\/it\/wp-json\/wp\/v2\/pages\/509\/revisions\/1192"}],"wp:attachment":[{"href":"https:\/\/www.sonnenblick.it\/it\/wp-json\/wp\/v2\/media?parent=509"}],"curies":[{"name":"wp","href":"https:\/\/api.w.org\/{rel}","templated":true}]}}